{"id":31,"date":"2021-11-09T23:14:03","date_gmt":"2021-11-09T23:14:03","guid":{"rendered":"https:\/\/salianne.autehni.com\/?page_id=31"},"modified":"2024-04-26T18:00:50","modified_gmt":"2024-04-26T18:00:50","slug":"despre","status":"publish","type":"page","link":"https:\/\/salianne.autehni.com\/?page_id=31","title":{"rendered":"Despre mine"},"content":{"rendered":"\r\n<div class=\"wp-block-columns is-layout-flex wp-container-core-columns-is-layout-9d6595d7 wp-block-columns-is-layout-flex\">\r\n<div class=\"wp-block-column is-layout-flow wp-block-column-is-layout-flow\">\r\n<p class=\"has-text-align-left has-normal-font-size\">Un suflet artistic, frumos dezordonat.\u00a0<\/p>\r\n<p>&nbsp;<\/p>\r\n\r\n\r\n\r\n\r\n\r\n<p class=\"has-text-align-left has-normal-font-size\">\u00cendr\u0103gostit\u0103 ad nauseum de culoare \u0219i textur\u0103.<\/p>\r\n<p>&nbsp;<\/p>\r\n\r\n\r\n\r\n<p class=\"has-text-align-left has-normal-font-size\">Prieten\u0103 pe via\u021b\u0103 cu ma\u0219ina de cusut. Ador materialele, firele \u0219i fibrele textile \u00een toat\u0103 varietatea lor.<\/p>\r\n<p>&nbsp;<\/p>\r\n\r\n\r\n\r\n<p class=\"has-text-align-left has-normal-font-size\">Obsedat\u0103 de acuarele, cerneal\u0103, arta digital\u0103, ceai verde, ciocolat\u0103, \u0219i \u00eenc\u0103 vreo c\u00e2teva \u00een plus.\u00a0<\/p>\r\n<p>&nbsp;<\/p>\r\n<p>Iubesc enorm natura \u0219i \u00een mijlocul ei \u00eemi reg\u0103sesc mereu identitatea.\u00a0<\/p>\r\n<p>&nbsp;<\/p>\r\n\r\n\r\n\r\n<p class=\"has-text-align-left has-normal-font-size\">Creatoare sfioas\u0103 de art\u0103 func\u021bional\u0103, decorativ\u0103, de ilustra\u021bie digital\u0103 \u0219i modelatoare textil\u0103.\u00a0<\/p>\r\n<\/div>\r\n\r\n\r\n\r\n<div class=\"wp-block-column is-layout-flow wp-block-column-is-layout-flow\"><div class=\"wp-block-image is-style-rounded\">\r\n<figure class=\"aligncenter size-full\">\r\n<p><img loading=\"lazy\" decoding=\"async\" class=\"alignright wp-image-74\" src=\"https:\/\/salianne.autehni.com\/wp-content\/uploads\/2021\/11\/Y0120088-Edit-6-e1714154108326.jpg\" alt=\"\" width=\"350\" height=\"463\" srcset=\"https:\/\/salianne.autehni.com\/wp-content\/uploads\/2021\/11\/Y0120088-Edit-6-e1714154108326.jpg 533w, https:\/\/salianne.autehni.com\/wp-content\/uploads\/2021\/11\/Y0120088-Edit-6-e1714154108326-227x300.jpg 227w\" sizes=\"auto, (max-width: 350px) 100vw, 350px\" \/><\/p>\r\n<\/figure>\r\n<\/div><\/div>\r\n<\/div>\r\n\r\n\r\n\r\n<p>&nbsp;<\/p>\r\n","protected":false},"excerpt":{"rendered":"<p>Un suflet artistic, frumos dezordonat.\u00a0 &nbsp; \u00cendr\u0103gostit\u0103 ad nauseum de culoare.<\/p>\n","protected":false},"author":1,"featured_media":0,"parent":0,"menu_order":0,"comment_status":"closed","ping_status":"closed","template":"","meta":{"footnotes":""},"class_list":["post-31","page","type-page","status-publish","hentry"],"_links":{"self":[{"href":"https:\/\/salianne.autehni.com\/index.php?rest_route=\/wp\/v2\/pages\/31","targetHints":{"allow":["GET"]}}],"collection":[{"href":"https:\/\/salianne.autehni.com\/index.php?rest_route=\/wp\/v2\/pages"}],"about":[{"href":"https:\/\/salianne.autehni.com\/index.php?rest_route=\/wp\/v2\/types\/page"}],"author":[{"embeddable":true,"href":"https:\/\/salianne.autehni.com\/index.php?rest_route=\/wp\/v2\/users\/1"}],"replies":[{"embeddable":true,"href":"https:\/\/salianne.autehni.com\/index.php?rest_route=%2Fwp%2Fv2%2Fcomments&post=31"}],"version-history":[{"count":25,"href":"https:\/\/salianne.autehni.com\/index.php?rest_route=\/wp\/v2\/pages\/31\/revisions"}],"predecessor-version":[{"id":964,"href":"https:\/\/salianne.autehni.com\/index.php?rest_route=\/wp\/v2\/pages\/31\/revisions\/964"}],"wp:attachment":[{"href":"https:\/\/salianne.autehni.com\/index.php?rest_route=%2Fwp%2Fv2%2Fmedia&parent=31"}],"curies":[{"name":"wp","href":"https:\/\/api.w.org\/{rel}","templated":true}]}}